{"id":374,"date":"2023-11-15T17:07:13","date_gmt":"2023-11-15T17:07:13","guid":{"rendered":"http:\/\/www.plataformarumbacatalana.com\/?page_id=374"},"modified":"2023-12-07T13:45:47","modified_gmt":"2023-12-07T13:45:47","slug":"adherirme-a-la-plataforma","status":"publish","type":"page","link":"https:\/\/www.plataformarumbacatalana.com\/index.php\/adherirme-a-la-plataforma\/","title":{"rendered":"Adhesi\u00f3n"},"content":{"rendered":"\n<p><strong>AUTORIZACI\u00d3N DE USO DE INFORMACI\u00d3N PERSONAL<\/strong><\/p>\n\n\n\n<p>Al completar y enviar este formulario, autorizo a la Plataforma por la defensa de la Rumba catalana a utilizar la informaci\u00f3n proporcionada para evaluar mi solicitud de <strong><em><mark style=\"background-color:rgba(0, 0, 0, 0)\" class=\"has-inline-color has-vivid-green-cyan-color\">adhesi\u00f3n para apoyar la candidatura de la Rumba Catalana, para que sea declarada patrimonio cultural inmaterial de la humanidad.<\/mark><\/em><\/strong><\/p>\n\n\n\n<p>Acepto que esta informaci\u00f3n ser\u00e1 utilizada \u00fanicamente para este prop\u00f3sito y no se compartir\u00e1 sin mi consentimiento, salvo cuando lo exija la ley.<\/p>\n\n\n\n<p>Declaro que los datos son ver\u00eddicos y me hago responsable de su exactitud.<\/p>\n\n\n\n<p>Esta autorizaci\u00f3n estar\u00e1 en vigencia desde el env\u00edo de este formulario hasta la evaluaci\u00f3n completa de mi solicitud.<\/p>\n\n\n\n<p><\/p>\n\n\n\n<div class=\"wp-block-contact-form-7-contact-form-selector\">\n<div class=\"wpcf7 no-js\" id=\"wpcf7-f373-o1\" lang=\"es-ES\" dir=\"ltr\">\n<div class=\"screen-reader-response\"><p role=\"status\" aria-live=\"polite\" aria-atomic=\"true\"><\/p> <ul><\/ul><\/div>\n<form action=\"\/index.php\/wp-json\/wp\/v2\/pages\/374#wpcf7-f373-o1\" method=\"post\" class=\"wpcf7-form init\" aria-label=\"Formulario de contacto\" novalidate=\"novalidate\" data-status=\"init\">\n<div style=\"display: none;\">\n<input type=\"hidden\" name=\"_wpcf7\" value=\"373\" \/>\n<input type=\"hidden\" name=\"_wpcf7_version\" value=\"5.8.2\" \/>\n<input type=\"hidden\" name=\"_wpcf7_locale\" value=\"es_ES\" \/>\n<input type=\"hidden\" name=\"_wpcf7_unit_tag\" value=\"wpcf7-f373-o1\" \/>\n<input type=\"hidden\" name=\"_wpcf7_container_post\" value=\"0\" \/>\n<input type=\"hidden\" name=\"_wpcf7_posted_data_hash\" value=\"\" \/>\n<\/div>\n<p><label> Tu nombre o raz\u00f3n social<br \/>\n<span class=\"wpcf7-form-control-wrap\" data-name=\"your-name\"><input size=\"40\" class=\"wpcf7-form-control wpcf7-text wpcf7-validates-as-required\" autocomplete=\"name\" aria-required=\"true\" aria-invalid=\"false\" value=\"\" type=\"text\" name=\"your-name\" \/><\/span> <\/label>\n<\/p>\n<p><label> Tu correo electr\u00f3nico<br \/>\n<span class=\"wpcf7-form-control-wrap\" data-name=\"your-email\"><input size=\"40\" class=\"wpcf7-form-control wpcf7-email wpcf7-validates-as-required wpcf7-text wpcf7-validates-as-email\" autocomplete=\"email\" aria-required=\"true\" aria-invalid=\"false\" value=\"\" type=\"email\" name=\"your-email\" \/><\/span> <\/label>\n<\/p>\n<p><label> Tu mensaje (opcional)<br \/>\n<span class=\"wpcf7-form-control-wrap\" data-name=\"your-message\"><textarea cols=\"40\" rows=\"10\" class=\"wpcf7-form-control wpcf7-textarea\" aria-invalid=\"false\" name=\"your-message\"><\/textarea><\/span> <\/label>\n<\/p>\n<p><input class=\"wpcf7-form-control wpcf7-submit has-spinner\" type=\"submit\" value=\"Enviar\" \/>\n<\/p><div class=\"wpcf7-response-output\" aria-hidden=\"true\"><\/div>\n<\/form>\n<\/div>\n<\/div>\n","protected":false},"excerpt":{"rendered":"<p>AUTORIZACI\u00d3N DE USO DE INFORMACI\u00d3N PERSONAL Al completar y enviar este formulario, autorizo a la Plataforma por la defensa de la Rumba catalana a utilizar la informaci\u00f3n proporcionada para evaluar mi solicitud de adhesi\u00f3n para apoyar la candidatura de la Rumba Catalana, para que sea declarada patrimonio cultural inmaterial de la humanidad. Acepto que esta [&hellip;]<\/p>\n","protected":false},"author":1,"featured_media":0,"parent":0,"menu_order":0,"comment_status":"closed","ping_status":"closed","template":"","meta":{"footnotes":""},"class_list":["post-374","page","type-page","status-publish","hentry"],"_links":{"self":[{"href":"https:\/\/www.plataformarumbacatalana.com\/index.php\/wp-json\/wp\/v2\/pages\/374","targetHints":{"allow":["GET"]}}],"collection":[{"href":"https:\/\/www.plataformarumbacatalana.com\/index.php\/wp-json\/wp\/v2\/pages"}],"about":[{"href":"https:\/\/www.plataformarumbacatalana.com\/index.php\/wp-json\/wp\/v2\/types\/page"}],"author":[{"embeddable":true,"href":"https:\/\/www.plataformarumbacatalana.com\/index.php\/wp-json\/wp\/v2\/users\/1"}],"replies":[{"embeddable":true,"href":"https:\/\/www.plataformarumbacatalana.com\/index.php\/wp-json\/wp\/v2\/comments?post=374"}],"version-history":[{"count":8,"href":"https:\/\/www.plataformarumbacatalana.com\/index.php\/wp-json\/wp\/v2\/pages\/374\/revisions"}],"predecessor-version":[{"id":446,"href":"https:\/\/www.plataformarumbacatalana.com\/index.php\/wp-json\/wp\/v2\/pages\/374\/revisions\/446"}],"wp:attachment":[{"href":"https:\/\/www.plataformarumbacatalana.com\/index.php\/wp-json\/wp\/v2\/media?parent=374"}],"curies":[{"name":"wp","href":"https:\/\/api.w.org\/{rel}","templated":true}]}}