{"id":133,"date":"2023-08-13T20:15:20","date_gmt":"2023-08-13T20:15:20","guid":{"rendered":"http:\/\/www.plataformarumbacatalana.com\/?page_id=133"},"modified":"2023-11-15T16:39:05","modified_gmt":"2023-11-15T16:39:05","slug":"quienes-somos","status":"publish","type":"page","link":"https:\/\/www.plataformarumbacatalana.com\/index.php\/quienes-somos\/","title":{"rendered":"Quienes somos"},"content":{"rendered":"\n<p><\/p>\n\n\n\n<p><\/p>\n\n\n\n<p class=\"has-large-font-size\"><strong>Quienes somos<\/strong><\/p>\n\n\n\n<p>La Plataforma por la Defensa de la Rumba Catalana es un grupo de gente muy diversa, formada por artistas y creadores profesionales de Rumba Catalana, comunidad gitana de Catalu\u00f1a y del sur de Francia entidades como Plataforma Nacional por los Derechos del Pueblo Gitano, APAC Rumba Catalana , Madre Terra Fundaci\u00f3n Mediterr\u00e1nea, Red Internacional de Escritores por la Tierra, Asociaci\u00f3n J\u00f3venes Gitanos de Gracia. Liderada por los hijos de los creadores de la Rumba Catalana, Rosa Pubill (hija de Peret) y Amadeo Valent\u00ed (hijo del Chacho)<\/p>\n\n\n\n<p>El objetivo de la Plataforma es promover y dar vida a un estilo de m\u00fasica tan nuestro como es la Rumba Catalana&nbsp;que sea reconocida como Patrimonio Cultural e Inmaterial de la Humanidad por la UNESCO.<\/p>\n\n\n\n<p>La Rumba Catalana es nuestra por que nace en Barcelona hacia los a\u00f1os cincuenta, y es la \u00fanica creaci\u00f3n de m\u00fasica urbana convertida en tradicional y popular en el siglo XX en toda Europa.<\/p>\n\n\n\n<p>En el segundo trimestre de 2022 empezamos a funcionar. El trabajo hasta el d\u00eda de hoy ha centrado en la consolidaci\u00f3n del proyecto, as\u00ed como ir realizando diferentes acciones para promocionar la rumba catalana. Actualmente ya estamos preparados para realizar las diferentes actividades previstas para conseguir nuestros prop\u00f3sitos. Estamos abiertos a sumar incorporar a todas las entidades y personas, sea quien sea su cultura.<br>El \u00fanico requisito es que sientan la Rumba Catalana como nosotros la sentimos por encima de todo, y que respeten los derechos humanos.<\/p>\n\n\n\n<p>\u00a1La Rumba es nuestra!, es el lema que nosotros pregonamos por todas partes, dado que partimos de la base de que la Rumba Catalana ya forma parte del Patrimonio Cultural de Catalu\u00f1a y es M\u00fasica Tradicional y Popular Catalana. Pero que, por encima de este hecho, es una creaci\u00f3n musical y cultural de los gitanos catalanes, y como tal, queremos ser los gitanos, junto con los que no son gitanos, los que llevamos como bandera de la Rumba Catalana en la UNESCO.<\/p>\n\n\n\n<figure class=\"wp-block-image size-full is-resized\"><img loading=\"lazy\" decoding=\"async\" width=\"670\" height=\"258\" src=\"https:\/\/www.plataformarumbacatalana.com\/wp-content\/uploads\/2023\/11\/foto-sgae.jpg\" alt=\"\" class=\"wp-image-289\" style=\"width:840px;height:auto\" srcset=\"https:\/\/www.plataformarumbacatalana.com\/wp-content\/uploads\/2023\/11\/foto-sgae.jpg 670w, https:\/\/www.plataformarumbacatalana.com\/wp-content\/uploads\/2023\/11\/foto-sgae-300x116.jpg 300w\" sizes=\"auto, (max-width: 670px) 100vw, 670px\" \/><\/figure>\n\n\n\n<p class=\"has-large-font-size\"><strong>Objetivos<\/strong>.<\/p>\n\n\n\n<ul class=\"wp-block-list\">\n<li>Presentar la candidatura de la Rumba Catalana como Patrimonio Cultural e Inmaterial de la Humanidad en la UNESCO conjuntamente con Francia.<\/li>\n<\/ul>\n\n\n\n<ul class=\"wp-block-list\">\n<li>Crear, potenciar e internacionalizar una industria, donde la marca \u201cRumba Catalana\u201d sea reconocida en todo el mundo. Potenciar la investigaci\u00f3n sobre la Rumba Catalana e iniciar la creaci\u00f3n de un archivo hist\u00f3rico sobre esta m\u00fasica y sus int\u00e9rpretes<\/li>\n<\/ul>\n\n\n\n<ul class=\"wp-block-list\">\n<li>Alcanzar el D\u00eda Internacional de la Rumba Catalana. Proponemos que sea el 24 de julio, fecha en la que el Parlamento de Catalu\u00f1a reconoci\u00f3 a la rumba catalana como Patrimonio Cultural Catal\u00e1n.<\/li>\n<\/ul>\n\n\n\n<ul class=\"wp-block-list\">\n<li>Formar dar a conocer la historia, la t\u00e9cnica y la pr\u00e1ctica de la Rumba Catalana, realizando talleres de rumba en toda Catalu\u00f1a, Espa\u00f1a y Francia, en centros educativos ferias culturales y musicales, mercados de m\u00fasica, etc.<\/li>\n<\/ul>\n\n\n\n<ul class=\"wp-block-list\">\n<li>Difundir la Rumba Catalana y sus autores y creadores.<\/li>\n<\/ul>\n\n\n\n<ul class=\"wp-block-list\">\n<li>Instaurar en todas las Fiestas Mayores de Catalu\u00f1a un d\u00eda de la Rumba Catalana con diferentes actividades para todas las familias.<\/li>\n<\/ul>\n\n\n\n<ul class=\"wp-block-list\">\n<li>Tener un plan integral y de normalizaci\u00f3n de la Rumba Catalana para que est\u00e9 presente en todos los festivales de Catalu\u00f1a y en los medios de comunicaci\u00f3n.<\/li>\n<\/ul>\n\n\n\n<ul class=\"wp-block-list\">\n<li>Incorporar &nbsp;con los &nbsp;mass-media una programaci\u00f3n de Rumba Catalana para favorecer la promoci\u00f3n de este estilo musical.<\/li>\n<\/ul>\n\n\n\n<ul class=\"wp-block-list\">\n<li>Establecer un Festival Internacional de hermanamiento de Rumba Catalana, la rumba Cubana, Congole\u00f1a y Flamenca en Barcelona<\/li>\n<\/ul>\n\n\n\n<ul class=\"wp-block-list\">\n<li>Producir espect\u00e1culos o sesiones tem\u00e1ticas de Rumba Catalana, en todo el Estado y en terceros paises, realizando intercambios culturales y musicales.<\/li>\n<\/ul>\n\n\n\n<ul class=\"wp-block-list\">\n<li>Crear la \u201cCasa Museo de la Rumba Catalana\u201d, un espacio sociocultural, hist\u00f3rico educativo abierto ha visitas y ha diferentes actividades musicales y culturales, como peque\u00f1as actuaciones y tats de cocina gitana.<\/li>\n<\/ul>\n\n\n\n<ul class=\"wp-block-list\">\n<li>Crear sinergias entre la comunidad art\u00edstica y la empresa privada, para participar en iniciativas particulares y conseguir patrocinios.<\/li>\n<\/ul>\n\n\n\n<p class=\"has-medium-font-size\"><strong>Organigrama<\/strong><\/p>\n\n\n\n<p><strong>Junta directiva<\/strong><\/p>\n\n\n\n<figure class=\"wp-block-table\"><table><thead><tr><th><strong>Nombre<\/strong><\/th><th><\/th><th><strong>Cargo<\/strong><\/th><th><strong>e-mail<\/strong><\/th><\/tr><\/thead><tbody><tr><td><strong>Amadeu Valent\u00ed Amaya<\/strong><\/td><td>Hijo del Chacho<\/td><td>Presidente<\/td><td>presidencia@plataformarumbacatalana.com<\/td><\/tr><tr><td><strong>Antoni \u00abSicus\u00bb Carbonell<\/strong><\/td><td>Sabor de Gracia<\/td><td>I Vicepresidente<\/td><td>sicus@plataformarumbacatalana.com<\/td><\/tr><tr><td><strong>Rosa Pubill Escudero<\/strong><\/td><td>Hija de Peret<\/td><td>II Vicepresidenta<\/td><td><\/td><\/tr><tr><td><strong>Hermelinda Mart\u00ednez Avila<\/strong><\/td><td><\/td><td>Secretaria<\/td><td>secretaria@plataformarumbacatalana.com<\/td><\/tr><tr><td><strong>Daniel Salvat Pubill\u00a0\u00a0\u00a0\u00a0\u00a0\u00a0\u00a0\u00a0\u00a0 \u00a0<\/strong><\/td><td>Net del Peret<\/td><td>Tesorera<\/td><td>tesorreria@plataformarumbacatalana.com<\/td><\/tr><tr><td><strong>Oriol Puig Morant<\/strong><\/td><td><\/td><td>Vocal<\/td><td><\/td><\/tr><tr><td><strong>Joan Surribas<\/strong><\/td><td><\/td><td>Vocal<\/td><td><\/td><\/tr><tr><td><strong>Maria Santiago Pubill<\/strong><\/td><td><\/td><td>Vocal<\/td><td>secretaria@plataformarumbacatalana.com<\/td><\/tr><\/tbody><\/table><\/figure>\n\n\n\n<p><strong>Comit\u00e9 t\u00e9cnico asesor<\/strong><\/p>\n\n\n\n<figure class=\"wp-block-table\"><table><tbody><tr><td><strong>Ricard Valent\u00ed<\/strong><\/td><td>Asso. Joves Gitanos de Gr\u00e0cia<\/td><\/tr><\/tbody><\/table><\/figure>\n","protected":false},"excerpt":{"rendered":"<p>Quienes somos La Plataforma por la Defensa de la Rumba Catalana es un grupo de gente muy diversa, formada por artistas y creadores profesionales de Rumba Catalana, comunidad gitana de Catalu\u00f1a y del sur de Francia entidades como Plataforma Nacional por los Derechos del Pueblo Gitano, APAC Rumba Catalana , Madre Terra Fundaci\u00f3n Mediterr\u00e1nea, Red [&hellip;]<\/p>\n","protected":false},"author":1,"featured_media":0,"parent":0,"menu_order":0,"comment_status":"closed","ping_status":"closed","template":"","meta":{"footnotes":""},"class_list":["post-133","page","type-page","status-publish","hentry"],"_links":{"self":[{"href":"https:\/\/www.plataformarumbacatalana.com\/index.php\/wp-json\/wp\/v2\/pages\/133","targetHints":{"allow":["GET"]}}],"collection":[{"href":"https:\/\/www.plataformarumbacatalana.com\/index.php\/wp-json\/wp\/v2\/pages"}],"about":[{"href":"https:\/\/www.plataformarumbacatalana.com\/index.php\/wp-json\/wp\/v2\/types\/page"}],"author":[{"embeddable":true,"href":"https:\/\/www.plataformarumbacatalana.com\/index.php\/wp-json\/wp\/v2\/users\/1"}],"replies":[{"embeddable":true,"href":"https:\/\/www.plataformarumbacatalana.com\/index.php\/wp-json\/wp\/v2\/comments?post=133"}],"version-history":[{"count":15,"href":"https:\/\/www.plataformarumbacatalana.com\/index.php\/wp-json\/wp\/v2\/pages\/133\/revisions"}],"predecessor-version":[{"id":371,"href":"https:\/\/www.plataformarumbacatalana.com\/index.php\/wp-json\/wp\/v2\/pages\/133\/revisions\/371"}],"wp:attachment":[{"href":"https:\/\/www.plataformarumbacatalana.com\/index.php\/wp-json\/wp\/v2\/media?parent=133"}],"curies":[{"name":"wp","href":"https:\/\/api.w.org\/{rel}","templated":true}]}}